{"id":4313,"date":"2024-02-17T07:49:04","date_gmt":"2024-02-17T07:49:04","guid":{"rendered":"https:\/\/egyuttgalotomikaert.hu\/?page_id=4313"},"modified":"2024-04-12T10:12:25","modified_gmt":"2024-04-12T10:12:25","slug":"tomika-blogja","status":"publish","type":"page","link":"https:\/\/egyuttgalotomikaert.hu\/en\/tomika-blogja\/","title":{"rendered":"Tomika vlogja \u00e9s blogja"},"content":{"rendered":"<div data-elementor-type=\"wp-page\" data-elementor-id=\"4313\" class=\"elementor elementor-4313\" data-elementor-post-type=\"page\">\n\t\t\t\t\t\t<section class=\"elementor-section elementor-top-section elementor-element elementor-element-6813efc elementor-section-boxed elementor-section-height-default elementor-section-height-default\" data-id=\"6813efc\" data-element_type=\"section\">\n\t\t\t\t\t\t<div class=\"elementor-container elementor-column-gap-default\">\n\t\t\t\t\t<div class=\"elementor-column elementor-col-100 elementor-top-column elementor-element elementor-element-f308a54\" data-id=\"f308a54\" data-element_type=\"column\">\n\t\t\t<div class=\"elementor-widget-wrap elementor-element-populated\">\n\t\t\t\t\t\t<div class=\"elementor-element elementor-element-37e7f57 elementor-widget elementor-widget-heading\" data-id=\"37e7f57\" data-element_type=\"widget\" data-widget_type=\"heading.default\">\n\t\t\t\t<div class=\"elementor-widget-container\">\n\t\t\t<h2 class=\"elementor-heading-title elementor-size-default\">Tomika blogja<\/h2>\t\t<\/div>\n\t\t\t\t<\/div>\n\t\t\t\t\t<\/div>\n\t\t<\/div>\n\t\t\t\t\t<\/div>\n\t\t<\/section>\n\t\t\t\t<section class=\"elementor-section elementor-top-section elementor-element elementor-element-178ba0c8 elementor-section-boxed elementor-section-height-default elementor-section-height-default\" data-id=\"178ba0c8\" data-element_type=\"section\">\n\t\t\t\t\t\t<div class=\"elementor-container elementor-column-gap-default\">\n\t\t\t\t\t<div class=\"elementor-column elementor-col-100 elementor-top-column elementor-element elementor-element-5dbe8dcb\" data-id=\"5dbe8dcb\" data-element_type=\"column\">\n\t\t\t<div class=\"elementor-widget-wrap elementor-element-populated\">\n\t\t\t\t\t\t<div class=\"elementor-element elementor-element-49d6a2e6 elementor-widget-divider--view-line elementor-widget elementor-widget-divider\" data-id=\"49d6a2e6\" data-element_type=\"widget\" data-widget_type=\"divider.default\">\n\t\t\t\t<div class=\"elementor-widget-container\">\n\t\t\t\t\t<div class=\"elementor-divider\">\n\t\t\t<span class=\"elementor-divider-separator\">\n\t\t\t\t\t\t<\/span>\n\t\t<\/div>\n\t\t\t\t<\/div>\n\t\t\t\t<\/div>\n\t\t\t\t\t<\/div>\n\t\t<\/div>\n\t\t\t\t\t<\/div>\n\t\t<\/section>\n\t\t\t\t<section class=\"elementor-section elementor-top-section elementor-element elementor-element-6d1f4ad elementor-section-boxed elementor-section-height-default elementor-section-height-default\" data-id=\"6d1f4ad\" data-element_type=\"section\">\n\t\t\t\t\t\t<div class=\"elementor-container elementor-column-gap-default\">\n\t\t\t\t\t<div class=\"elementor-column elementor-col-100 elementor-top-column elementor-element elementor-element-b2565f3\" data-id=\"b2565f3\" data-element_type=\"column\">\n\t\t\t<div class=\"elementor-widget-wrap elementor-element-populated\">\n\t\t\t\t\t\t<div class=\"elementor-element elementor-element-29d410c elementor-grid-3 elementor-grid-tablet-2 elementor-grid-mobile-1 elementor-posts--thumbnail-top elementor-card-shadow-yes elementor-posts__hover-gradient elementor-widget elementor-widget-posts\" data-id=\"29d410c\" data-element_type=\"widget\" data-settings=\"{&quot;cards_columns&quot;:&quot;3&quot;,&quot;cards_columns_tablet&quot;:&quot;2&quot;,&quot;cards_columns_mobile&quot;:&quot;1&quot;,&quot;cards_row_gap&quot;:{&quot;unit&quot;:&quot;px&quot;,&quot;size&quot;:35,&quot;sizes&quot;:[]},&quot;cards_row_gap_tablet&quot;:{&quot;unit&quot;:&quot;px&quot;,&quot;size&quot;:&quot;&quot;,&quot;sizes&quot;:[]},&quot;cards_row_gap_mobile&quot;:{&quot;unit&quot;:&quot;px&quot;,&quot;size&quot;:&quot;&quot;,&quot;sizes&quot;:[]}}\" data-widget_type=\"posts.cards\">\n\t\t\t\t<div class=\"elementor-widget-container\">\n\t\t\t\t\t<div class=\"elementor-posts-container elementor-posts elementor-posts--skin-cards elementor-grid\">\n\t\t\t\t<article class=\"elementor-post elementor-grid-item post-4444 post type-post status-publish format-standard has-post-thumbnail hentry category-tomika-dubai-ban\">\n\t\t\t<div class=\"elementor-post__card\">\n\t\t\t\t<a class=\"elementor-post__thumbnail__link\" href=\"https:\/\/egyuttgalotomikaert.hu\/en\/tomika-megkapta-a-zolgensma-t\/\" tabindex=\"-1\" ><div class=\"elementor-post__thumbnail\"><img fetchpriority=\"high\" decoding=\"async\" width=\"700\" height=\"525\" src=\"https:\/\/egyuttgalotomikaert.hu\/wp-content\/uploads\/2024\/04\/tomika-megkapta-a-zolgensma-t-700x525.webp\" class=\"attachment-medium size-medium wp-image-4447\" alt=\"\" srcset=\"https:\/\/egyuttgalotomikaert.hu\/wp-content\/uploads\/2024\/04\/tomika-megkapta-a-zolgensma-t-700x525.webp 700w, https:\/\/egyuttgalotomikaert.hu\/wp-content\/uploads\/2024\/04\/tomika-megkapta-a-zolgensma-t-1024x768.webp 1024w, https:\/\/egyuttgalotomikaert.hu\/wp-content\/uploads\/2024\/04\/tomika-megkapta-a-zolgensma-t-768x576.webp 768w, https:\/\/egyuttgalotomikaert.hu\/wp-content\/uploads\/2024\/04\/tomika-megkapta-a-zolgensma-t-16x12.webp 16w, https:\/\/egyuttgalotomikaert.hu\/wp-content\/uploads\/2024\/04\/tomika-megkapta-a-zolgensma-t.webp 1200w\" sizes=\"(max-width: 700px) 100vw, 700px\" \/><\/div><\/a>\n\t\t\t\t<div class=\"elementor-post__badge\">Tomika Dubai-ban<\/div>\n\t\t\t\t<div class=\"elementor-post__text\">\n\t\t\t\t<h3 class=\"elementor-post__title\">\n\t\t\t<a href=\"https:\/\/egyuttgalotomikaert.hu\/en\/tomika-megkapta-a-zolgensma-t\/\" >\n\t\t\t\tTomika megkapta a Zolgensma- t\t\t\t<\/a>\n\t\t<\/h3>\n\t\t\n\t\t<a class=\"elementor-post__read-more\" href=\"https:\/\/egyuttgalotomikaert.hu\/en\/tomika-megkapta-a-zolgensma-t\/\" aria-label=\"Read more about Tomika megkapta a Zolgensma- t\" tabindex=\"-1\" >\n\t\t\tTov\u00e1bb olvasom \u00bb\t\t<\/a>\n\n\t\t\t\t<\/div>\n\t\t\t\t<div class=\"elementor-post__meta-data\">\n\t\t\t\t\t<span class=\"elementor-post-date\">\n\t\t\t2024.04.17.\t\t<\/span>\n\t\t\t\t<span class=\"elementor-post-avatar\">\n\t\t\tNo Comments\t\t<\/span>\n\t\t\t\t<\/div>\n\t\t\t\t\t<\/div>\n\t\t<\/article>\n\t\t\t\t<article class=\"elementor-post elementor-grid-item post-4433 post type-post status-publish format-standard has-post-thumbnail hentry category-tomika-dubai-ban\">\n\t\t\t<div class=\"elementor-post__card\">\n\t\t\t\t<a class=\"elementor-post__thumbnail__link\" href=\"https:\/\/egyuttgalotomikaert.hu\/en\/tomika-tornazik\/\" tabindex=\"-1\" ><div class=\"elementor-post__thumbnail\"><img decoding=\"async\" width=\"700\" height=\"394\" src=\"https:\/\/egyuttgalotomikaert.hu\/wp-content\/uploads\/2024\/04\/tomika-tornazik-700x394.jpg\" class=\"attachment-medium size-medium wp-image-4436\" alt=\"\" srcset=\"https:\/\/egyuttgalotomikaert.hu\/wp-content\/uploads\/2024\/04\/tomika-tornazik-700x394.jpg 700w, https:\/\/egyuttgalotomikaert.hu\/wp-content\/uploads\/2024\/04\/tomika-tornazik-1024x576.jpg 1024w, https:\/\/egyuttgalotomikaert.hu\/wp-content\/uploads\/2024\/04\/tomika-tornazik-768x432.jpg 768w, https:\/\/egyuttgalotomikaert.hu\/wp-content\/uploads\/2024\/04\/tomika-tornazik-18x10.jpg 18w, https:\/\/egyuttgalotomikaert.hu\/wp-content\/uploads\/2024\/04\/tomika-tornazik.jpg 1200w\" sizes=\"(max-width: 700px) 100vw, 700px\" \/><\/div><\/a>\n\t\t\t\t<div class=\"elementor-post__badge\">Tomika Dubai-ban<\/div>\n\t\t\t\t<div class=\"elementor-post__text\">\n\t\t\t\t<h3 class=\"elementor-post__title\">\n\t\t\t<a href=\"https:\/\/egyuttgalotomikaert.hu\/en\/tomika-tornazik\/\" >\n\t\t\t\tTomika torn\u00e1zik\t\t\t<\/a>\n\t\t<\/h3>\n\t\t\n\t\t<a class=\"elementor-post__read-more\" href=\"https:\/\/egyuttgalotomikaert.hu\/en\/tomika-tornazik\/\" aria-label=\"Read more about Tomika torn\u00e1zik\" tabindex=\"-1\" >\n\t\t\tTov\u00e1bb olvasom \u00bb\t\t<\/a>\n\n\t\t\t\t<\/div>\n\t\t\t\t<div class=\"elementor-post__meta-data\">\n\t\t\t\t\t<span class=\"elementor-post-date\">\n\t\t\t2024.04.12.\t\t<\/span>\n\t\t\t\t<span class=\"elementor-post-avatar\">\n\t\t\tNo Comments\t\t<\/span>\n\t\t\t\t<\/div>\n\t\t\t\t\t<\/div>\n\t\t<\/article>\n\t\t\t\t<article class=\"elementor-post elementor-grid-item post-4428 post type-post status-publish format-standard has-post-thumbnail hentry category-tomika-dubai-ban\">\n\t\t\t<div class=\"elementor-post__card\">\n\t\t\t\t<a class=\"elementor-post__thumbnail__link\" href=\"https:\/\/egyuttgalotomikaert.hu\/en\/galo-tomika-a-kis-kukta-segitseg-kozben-is-erosodik\/\" tabindex=\"-1\" ><div class=\"elementor-post__thumbnail\"><img decoding=\"async\" width=\"700\" height=\"394\" src=\"https:\/\/egyuttgalotomikaert.hu\/wp-content\/uploads\/2024\/04\/A-kis-kukta-segitseg-kozben-is-erosodik.webp\" class=\"attachment-medium size-medium wp-image-4431\" alt=\"\" srcset=\"https:\/\/egyuttgalotomikaert.hu\/wp-content\/uploads\/2024\/04\/A-kis-kukta-segitseg-kozben-is-erosodik.webp 700w, https:\/\/egyuttgalotomikaert.hu\/wp-content\/uploads\/2024\/04\/A-kis-kukta-segitseg-kozben-is-erosodik-18x10.webp 18w\" sizes=\"(max-width: 700px) 100vw, 700px\" \/><\/div><\/a>\n\t\t\t\t<div class=\"elementor-post__badge\">Tomika Dubai-ban<\/div>\n\t\t\t\t<div class=\"elementor-post__text\">\n\t\t\t\t<h3 class=\"elementor-post__title\">\n\t\t\t<a href=\"https:\/\/egyuttgalotomikaert.hu\/en\/galo-tomika-a-kis-kukta-segitseg-kozben-is-erosodik\/\" >\n\t\t\t\tGal\u00f3 Tomika &#8211; A kis kukta seg\u00edts\u00e9g k\u00f6zben is er\u0151s\u00f6dik\t\t\t<\/a>\n\t\t<\/h3>\n\t\t\n\t\t<a class=\"elementor-post__read-more\" href=\"https:\/\/egyuttgalotomikaert.hu\/en\/galo-tomika-a-kis-kukta-segitseg-kozben-is-erosodik\/\" aria-label=\"Read more about Gal\u00f3 Tomika &#8211; A kis kukta seg\u00edts\u00e9g k\u00f6zben is er\u0151s\u00f6dik\" tabindex=\"-1\" >\n\t\t\tTov\u00e1bb olvasom \u00bb\t\t<\/a>\n\n\t\t\t\t<\/div>\n\t\t\t\t<div class=\"elementor-post__meta-data\">\n\t\t\t\t\t<span class=\"elementor-post-date\">\n\t\t\t2024.04.12.\t\t<\/span>\n\t\t\t\t<span class=\"elementor-post-avatar\">\n\t\t\tNo Comments\t\t<\/span>\n\t\t\t\t<\/div>\n\t\t\t\t\t<\/div>\n\t\t<\/article>\n\t\t\t\t<article class=\"elementor-post elementor-grid-item post-4422 post type-post status-publish format-standard has-post-thumbnail hentry category-tomika-dubai-ban\">\n\t\t\t<div class=\"elementor-post__card\">\n\t\t\t\t<a class=\"elementor-post__thumbnail__link\" href=\"https:\/\/egyuttgalotomikaert.hu\/en\/felfedezzuk-a-kornyeket\/\" tabindex=\"-1\" ><div class=\"elementor-post__thumbnail\"><img loading=\"lazy\" decoding=\"async\" width=\"700\" height=\"525\" src=\"https:\/\/egyuttgalotomikaert.hu\/wp-content\/uploads\/2024\/04\/felfedezzuk-a-kornyeket-700x525.webp\" class=\"attachment-medium size-medium wp-image-4425\" alt=\"\" srcset=\"https:\/\/egyuttgalotomikaert.hu\/wp-content\/uploads\/2024\/04\/felfedezzuk-a-kornyeket-700x525.webp 700w, https:\/\/egyuttgalotomikaert.hu\/wp-content\/uploads\/2024\/04\/felfedezzuk-a-kornyeket-1024x768.webp 1024w, https:\/\/egyuttgalotomikaert.hu\/wp-content\/uploads\/2024\/04\/felfedezzuk-a-kornyeket-768x576.webp 768w, https:\/\/egyuttgalotomikaert.hu\/wp-content\/uploads\/2024\/04\/felfedezzuk-a-kornyeket-16x12.webp 16w, https:\/\/egyuttgalotomikaert.hu\/wp-content\/uploads\/2024\/04\/felfedezzuk-a-kornyeket.webp 1200w\" sizes=\"(max-width: 700px) 100vw, 700px\" \/><\/div><\/a>\n\t\t\t\t<div class=\"elementor-post__badge\">Tomika Dubai-ban<\/div>\n\t\t\t\t<div class=\"elementor-post__text\">\n\t\t\t\t<h3 class=\"elementor-post__title\">\n\t\t\t<a href=\"https:\/\/egyuttgalotomikaert.hu\/en\/felfedezzuk-a-kornyeket\/\" >\n\t\t\t\tFelfedezz\u00fck a k\u00f6rny\u00e9ket\t\t\t<\/a>\n\t\t<\/h3>\n\t\t\n\t\t<a class=\"elementor-post__read-more\" href=\"https:\/\/egyuttgalotomikaert.hu\/en\/felfedezzuk-a-kornyeket\/\" aria-label=\"Read more about Felfedezz\u00fck a k\u00f6rny\u00e9ket\" tabindex=\"-1\" >\n\t\t\tTov\u00e1bb olvasom \u00bb\t\t<\/a>\n\n\t\t\t\t<\/div>\n\t\t\t\t<div class=\"elementor-post__meta-data\">\n\t\t\t\t\t<span class=\"elementor-post-date\">\n\t\t\t2024.04.12.\t\t<\/span>\n\t\t\t\t<span class=\"elementor-post-avatar\">\n\t\t\tNo Comments\t\t<\/span>\n\t\t\t\t<\/div>\n\t\t\t\t\t<\/div>\n\t\t<\/article>\n\t\t\t\t<article class=\"elementor-post elementor-grid-item post-4335 post type-post status-publish format-standard has-post-thumbnail hentry category-tomika-dubai-ban\">\n\t\t\t<div class=\"elementor-post__card\">\n\t\t\t\t<a class=\"elementor-post__thumbnail__link\" href=\"https:\/\/egyuttgalotomikaert.hu\/en\/fogocskaztunk-dubaiban\/\" tabindex=\"-1\" ><div class=\"elementor-post__thumbnail\"><img loading=\"lazy\" decoding=\"async\" width=\"525\" height=\"700\" src=\"https:\/\/egyuttgalotomikaert.hu\/wp-content\/uploads\/2024\/02\/tomika-dubaiban-525x700.webp\" class=\"attachment-medium size-medium wp-image-4353\" alt=\"\" srcset=\"https:\/\/egyuttgalotomikaert.hu\/wp-content\/uploads\/2024\/02\/tomika-dubaiban-525x700.webp 525w, https:\/\/egyuttgalotomikaert.hu\/wp-content\/uploads\/2024\/02\/tomika-dubaiban-9x12.webp 9w, https:\/\/egyuttgalotomikaert.hu\/wp-content\/uploads\/2024\/02\/tomika-dubaiban.webp 675w\" sizes=\"(max-width: 525px) 100vw, 525px\" \/><\/div><\/a>\n\t\t\t\t<div class=\"elementor-post__badge\">Tomika Dubai-ban<\/div>\n\t\t\t\t<div class=\"elementor-post__text\">\n\t\t\t\t<h3 class=\"elementor-post__title\">\n\t\t\t<a href=\"https:\/\/egyuttgalotomikaert.hu\/en\/fogocskaztunk-dubaiban\/\" >\n\t\t\t\tFog\u00f3csk\u00e1ztunk Dubaiban\t\t\t<\/a>\n\t\t<\/h3>\n\t\t\n\t\t<a class=\"elementor-post__read-more\" href=\"https:\/\/egyuttgalotomikaert.hu\/en\/fogocskaztunk-dubaiban\/\" aria-label=\"Read more about Fog\u00f3csk\u00e1ztunk Dubaiban\" tabindex=\"-1\" >\n\t\t\tTov\u00e1bb olvasom \u00bb\t\t<\/a>\n\n\t\t\t\t<\/div>\n\t\t\t\t<div class=\"elementor-post__meta-data\">\n\t\t\t\t\t<span class=\"elementor-post-date\">\n\t\t\t2024.02.20.\t\t<\/span>\n\t\t\t\t<span class=\"elementor-post-avatar\">\n\t\t\tNo Comments\t\t<\/span>\n\t\t\t\t<\/div>\n\t\t\t\t\t<\/div>\n\t\t<\/article>\n\t\t\t\t<article class=\"elementor-post elementor-grid-item post-4319 post type-post status-publish format-standard has-post-thumbnail hentry category-tomika-utazasa\">\n\t\t\t<div class=\"elementor-post__card\">\n\t\t\t\t<a class=\"elementor-post__thumbnail__link\" href=\"https:\/\/egyuttgalotomikaert.hu\/en\/tomika-uton-dubaiba\/\" tabindex=\"-1\" ><div class=\"elementor-post__thumbnail\"><img loading=\"lazy\" decoding=\"async\" width=\"300\" height=\"225\" src=\"https:\/\/egyuttgalotomikaert.hu\/wp-content\/uploads\/2024\/02\/tomika-utazas-300x225.webp\" class=\"attachment-medium size-medium wp-image-4323\" alt=\"\" srcset=\"https:\/\/egyuttgalotomikaert.hu\/wp-content\/uploads\/2024\/02\/tomika-utazas-300x225.webp 300w, https:\/\/egyuttgalotomikaert.hu\/wp-content\/uploads\/2024\/02\/tomika-utazas-1024x768.webp 1024w, https:\/\/egyuttgalotomikaert.hu\/wp-content\/uploads\/2024\/02\/tomika-utazas-768x576.webp 768w, https:\/\/egyuttgalotomikaert.hu\/wp-content\/uploads\/2024\/02\/tomika-utazas-16x12.webp 16w, https:\/\/egyuttgalotomikaert.hu\/wp-content\/uploads\/2024\/02\/tomika-utazas.webp 1200w\" sizes=\"(max-width: 300px) 100vw, 300px\" \/><\/div><\/a>\n\t\t\t\t<div class=\"elementor-post__badge\">Tomika utaz\u00e1sa<\/div>\n\t\t\t\t<div class=\"elementor-post__text\">\n\t\t\t\t<h3 class=\"elementor-post__title\">\n\t\t\t<a href=\"https:\/\/egyuttgalotomikaert.hu\/en\/tomika-uton-dubaiba\/\" >\n\t\t\t\tTomika \u00faton Dubaiba\t\t\t<\/a>\n\t\t<\/h3>\n\t\t\n\t\t<a class=\"elementor-post__read-more\" href=\"https:\/\/egyuttgalotomikaert.hu\/en\/tomika-uton-dubaiba\/\" aria-label=\"Read more about Tomika \u00faton Dubaiba\" tabindex=\"-1\" >\n\t\t\tTov\u00e1bb olvasom \u00bb\t\t<\/a>\n\n\t\t\t\t<\/div>\n\t\t\t\t<div class=\"elementor-post__meta-data\">\n\t\t\t\t\t<span class=\"elementor-post-date\">\n\t\t\t2024.02.20.\t\t<\/span>\n\t\t\t\t<span class=\"elementor-post-avatar\">\n\t\t\tNo Comments\t\t<\/span>\n\t\t\t\t<\/div>\n\t\t\t\t\t<\/div>\n\t\t<\/article>\n\t\t\t\t<\/div>\n\t\t\n\t\t\t\t<\/div>\n\t\t\t\t<\/div>\n\t\t\t\t\t<\/div>\n\t\t<\/div>\n\t\t\t\t\t<\/div>\n\t\t<\/section>\n\t\t\t\t<\/div>","protected":false},"excerpt":{"rendered":"<p>Tomika blogja<\/p>","protected":false},"author":1,"featured_media":0,"parent":0,"menu_order":0,"comment_status":"closed","ping_status":"closed","template":"","meta":{"_seopress_robots_primary_cat":"","footnotes":""},"class_list":["post-4313","page","type-page","status-publish","hentry"],"_links":{"self":[{"href":"https:\/\/egyuttgalotomikaert.hu\/en\/wp-json\/wp\/v2\/pages\/4313","targetHints":{"allow":["GET"]}}],"collection":[{"href":"https:\/\/egyuttgalotomikaert.hu\/en\/wp-json\/wp\/v2\/pages"}],"about":[{"href":"https:\/\/egyuttgalotomikaert.hu\/en\/wp-json\/wp\/v2\/types\/page"}],"author":[{"embeddable":true,"href":"https:\/\/egyuttgalotomikaert.hu\/en\/wp-json\/wp\/v2\/users\/1"}],"replies":[{"embeddable":true,"href":"https:\/\/egyuttgalotomikaert.hu\/en\/wp-json\/wp\/v2\/comments?post=4313"}],"version-history":[{"count":21,"href":"https:\/\/egyuttgalotomikaert.hu\/en\/wp-json\/wp\/v2\/pages\/4313\/revisions"}],"predecessor-version":[{"id":4421,"href":"https:\/\/egyuttgalotomikaert.hu\/en\/wp-json\/wp\/v2\/pages\/4313\/revisions\/4421"}],"wp:attachment":[{"href":"https:\/\/egyuttgalotomikaert.hu\/en\/wp-json\/wp\/v2\/media?parent=4313"}],"curies":[{"name":"wp","href":"https:\/\/api.w.org\/{rel}","templated":true}]}}